{"id":4259,"date":"2026-01-21T13:27:50","date_gmt":"2026-01-21T13:27:50","guid":{"rendered":"https:\/\/skutecznywniosek.pl\/new\/?page_id=4259"},"modified":"2026-01-27T11:53:33","modified_gmt":"2026-01-27T11:53:33","slug":"praca","status":"publish","type":"page","link":"https:\/\/skutecznywniosek.pl\/new\/praca\/","title":{"rendered":"Praca"},"content":{"rendered":"\t\t<div data-elementor-type=\"wp-page\" data-elementor-id=\"4259\" class=\"elementor elementor-4259\">\n\t\t\t\t\t\t<section class=\"elementor-section elementor-top-section elementor-element elementor-element-78487dc elementor-section-boxed elementor-section-height-default elementor-section-height-default\" data-id=\"78487dc\" data-element_type=\"section\">\n\t\t\t\t\t\t<div class=\"elementor-container elementor-column-gap-default\">\n\t\t\t\t\t<div class=\"elementor-column elementor-col-100 elementor-top-column elementor-element elementor-element-6b5f12c\" data-id=\"6b5f12c\" data-element_type=\"column\">\n\t\t\t<div class=\"elementor-widget-wrap\">\n\t\t\t\t\t\t\t<\/div>\n\t\t<\/div>\n\t\t\t\t\t<\/div>\n\t\t<\/section>\n\t\t\t\t<section class=\"elementor-section elementor-top-section elementor-element elementor-element-76499ec elementor-section-content-middle contact-four elementor-section-boxed elementor-section-height-default elementor-section-height-default\" data-id=\"76499ec\" data-element_type=\"section\">\n\t\t\t\t\t\t<div class=\"elementor-container elementor-column-gap-default\">\n\t\t\t\t\t<div class=\"elementor-column elementor-col-100 elementor-top-column elementor-element elementor-element-c31a43a\" data-id=\"c31a43a\" data-element_type=\"column\">\n\t\t\t<div class=\"elementor-widget-wrap elementor-element-populated\">\n\t\t\t\t\t\t<div class=\"elementor-element elementor-element-5439318 elementor-widget elementor-widget-sectiontitle\" data-id=\"5439318\" data-element_type=\"widget\" data-widget_type=\"sectiontitle.default\">\n\t\t\t\t<div class=\"elementor-widget-container\">\n\t\t\t\t\t\r\n\t\t\t\t<div class=\"\">\r\n\r\n\t\t\t<div class=\"section-title t_left\">\r\n                \t\t\t\t\r\n\t\t\t\t \t\t\t\t\r\n\t\t\t\t  \r\n                       <h2>Aktualne rekrutacje<span><\/span><\/h2>\r\n                \t\t\t\t\r\n                \t\t\t\t\r\n\r\n\t\t\t\t\r\n\t\t\t<\/div>\t\r\n\r\n\t\t<\/div>\r\n\r\n\t\t\r\n\t\t\t\t\t\t<\/div>\n\t\t\t\t<\/div>\n\t\t\t\t<section class=\"elementor-section elementor-inner-section elementor-element elementor-element-a96b2e7 elementor-section-boxed elementor-section-height-default elementor-section-height-default\" data-id=\"a96b2e7\" data-element_type=\"section\">\n\t\t\t\t\t\t<div class=\"elementor-container elementor-column-gap-default\">\n\t\t\t\t\t<div class=\"elementor-column elementor-col-33 elementor-inner-column elementor-element elementor-element-b030669\" data-id=\"b030669\" data-element_type=\"column\">\n\t\t\t<div class=\"elementor-widget-wrap elementor-element-populated\">\n\t\t\t\t\t\t<div class=\"elementor-element elementor-element-a5a9817 elementor-widget elementor-widget-service\" data-id=\"a5a9817\" data-element_type=\"widget\" data-widget_type=\"service.default\">\n\t\t\t\t<div class=\"elementor-widget-container\">\n\t\t\t\t\t\r\n\t\t\r\n\t\t\t<div class=\"service-box service-style-nine\">\r\n\r\n\t\t\t\t\t\t\t\t<div class=\"service-box-icon\">\r\n\t\t\t\t\t<i class=\"\"><\/i>\r\n\t\t\t\t<\/div>\r\n\t\t\t\t\r\n\t\t\t\t<div class=\"service-box-content\">\r\n\r\n\t\t\t\t\t<div class=\"service-box-title\" >\r\n\t\t\t\t\t\t<h2>Specjalista ds. wniosk\u00f3w o dotacje<\/h2>\r\n\t\t\t\t\t<\/div>\r\n\r\n\t\t\t\t\t<div class=\"service-box-desc\" >\r\n\t\t\t\t\t\t<p>Poszukujemy osoby do wsp\u00f3\u0142pracy przy przygotowywaniu wniosk\u00f3w o dotacje z Urz\u0119du Pracy. \nDo Twoich zada\u0144 nale\u017ce\u0107 b\u0119dzie opracowywanie dokumentacji, wsparcie merytoryczne klient\u00f3w oraz wsp\u00f3\u0142praca z zespo\u0142em analitycznym. Mile widziane do\u015bwiadczenie w pracy z dokumentami lub administracj\u0105.\n<\/p>\r\n\t\t\t\t\t<\/div>\r\n\r\n\t\t\t\t\t\t\t\t\t\t<div class=\"service-btn\">\r\n\t\t\t\t\t\t<a href=\"https:\/\/skutecznywniosek.pl\/new\/index.php\/specjalista-ds-wnioskow-o-dotacje\/\">\r\n\t\t\t\t\t\t\tAplikuj teraz\t\t\t\t\t\t<\/a>\r\n\t\t\t\t\t<\/div><!-- .service-btn\t-->\r\n\t\t\t\t\t\r\n\t\t\t\t<\/div><!-- .service-box-content -->\r\n\t\t\t<\/div><!-- .service-box .service-style-nine -->\r\n\r\n\t\t\t\t\t\t<\/div>\n\t\t\t\t<\/div>\n\t\t\t\t\t<\/div>\n\t\t<\/div>\n\t\t\t\t<div class=\"elementor-column elementor-col-33 elementor-inner-column elementor-element elementor-element-2cf95e7\" data-id=\"2cf95e7\" data-element_type=\"column\">\n\t\t\t<div class=\"elementor-widget-wrap elementor-element-populated\">\n\t\t\t\t\t\t<div class=\"elementor-element elementor-element-858b2c1 elementor-widget elementor-widget-service\" data-id=\"858b2c1\" data-element_type=\"widget\" data-widget_type=\"service.default\">\n\t\t\t\t<div class=\"elementor-widget-container\">\n\t\t\t\t\t\r\n\t\t\r\n\t\t\t<div class=\"service-box service-style-nine\">\r\n\r\n\t\t\t\t\t\t\t\t<div class=\"service-box-icon\">\r\n\t\t\t\t\t<i class=\"\"><\/i>\r\n\t\t\t\t<\/div>\r\n\t\t\t\t\r\n\t\t\t\t<div class=\"service-box-content\">\r\n\r\n\t\t\t\t\t<div class=\"service-box-title\" >\r\n\t\t\t\t\t\t<h2>Analityk finansowy <\/h2>\r\n\t\t\t\t\t<\/div>\r\n\r\n\t\t\t\t\t<div class=\"service-box-desc\" >\r\n\t\t\t\t\t\t<p>Do naszego zespo\u0142u szukamy osoby odpowiedzialnej za przygotowywanie analiz finansowych \noraz cz\u0119\u015bci ekonomicznej biznesplan\u00f3w. Praca polega na wsp\u00f3\u0142tworzeniu dokument\u00f3w pod wymagania PUP oraz wspieraniu klient\u00f3w w planowaniu wydatk\u00f3w z dotacji.\n<\/p>\r\n\t\t\t\t\t<\/div>\r\n\r\n\t\t\t\t\t\t\t\t\t\t<div class=\"service-btn\">\r\n\t\t\t\t\t\t<a href=\"https:\/\/skutecznywniosek.pl\/new\/index.php\/analityk-finansowy\">\r\n\t\t\t\t\t\t\tAplikuj teraz\t\t\t\t\t\t<\/a>\r\n\t\t\t\t\t<\/div><!-- .service-btn\t-->\r\n\t\t\t\t\t\r\n\t\t\t\t<\/div><!-- .service-box-content -->\r\n\t\t\t<\/div><!-- .service-box .service-style-nine -->\r\n\r\n\t\t\t\t\t\t<\/div>\n\t\t\t\t<\/div>\n\t\t\t\t\t<\/div>\n\t\t<\/div>\n\t\t\t\t<div class=\"elementor-column elementor-col-33 elementor-inner-column elementor-element elementor-element-1353fb7\" data-id=\"1353fb7\" data-element_type=\"column\">\n\t\t\t<div class=\"elementor-widget-wrap\">\n\t\t\t\t\t\t\t<\/div>\n\t\t<\/div>\n\t\t\t\t\t<\/div>\n\t\t<\/section>\n\t\t\t\t\t<\/div>\n\t\t<\/div>\n\t\t\t\t\t<\/div>\n\t\t<\/section>\n\t\t\t\t<\/div>\n\t\t","protected":false},"excerpt":{"rendered":"<p>Aktualne rekrutacje Specjalista ds. wniosk\u00f3w o dotacje Poszukujemy osoby do wsp\u00f3\u0142pracy przy przygotowywaniu wniosk\u00f3w o dotacje z Urz\u0119du Pracy. Do Twoich zada\u0144 nale\u017ce\u0107 b\u0119dzie opracowywanie dokumentacji, wsparcie merytoryczne klient\u00f3w oraz wsp\u00f3\u0142praca z zespo\u0142em analitycznym. Mile widziane do\u015bwiadczenie w pracy z dokumentami lub administracj\u0105. Aplikuj teraz Analityk finansowy Do naszego zespo\u0142u szukamy osoby odpowiedzialnej za przygotowywanie [&hellip;]<\/p>\n","protected":false},"author":1,"featured_media":0,"parent":0,"menu_order":0,"comment_status":"closed","ping_status":"closed","template":"page-templates\/template-default.php","meta":{"footnotes":""},"class_list":["post-4259","page","type-page","status-publish","hentry"],"_links":{"self":[{"href":"https:\/\/skutecznywniosek.pl\/new\/wp-json\/wp\/v2\/pages\/4259","targetHints":{"allow":["GET"]}}],"collection":[{"href":"https:\/\/skutecznywniosek.pl\/new\/wp-json\/wp\/v2\/pages"}],"about":[{"href":"https:\/\/skutecznywniosek.pl\/new\/wp-json\/wp\/v2\/types\/page"}],"author":[{"embeddable":true,"href":"https:\/\/skutecznywniosek.pl\/new\/wp-json\/wp\/v2\/users\/1"}],"replies":[{"embeddable":true,"href":"https:\/\/skutecznywniosek.pl\/new\/wp-json\/wp\/v2\/comments?post=4259"}],"version-history":[{"count":20,"href":"https:\/\/skutecznywniosek.pl\/new\/wp-json\/wp\/v2\/pages\/4259\/revisions"}],"predecessor-version":[{"id":4518,"href":"https:\/\/skutecznywniosek.pl\/new\/wp-json\/wp\/v2\/pages\/4259\/revisions\/4518"}],"wp:attachment":[{"href":"https:\/\/skutecznywniosek.pl\/new\/wp-json\/wp\/v2\/media?parent=4259"}],"curies":[{"name":"wp","href":"https:\/\/api.w.org\/{rel}","templated":true}]}}