{"id":3739,"date":"2022-04-23T09:29:22","date_gmt":"2022-04-23T09:29:22","guid":{"rendered":"https:\/\/wp.dreamitsolution.net\/busino-elementor\/busino\/?page_id=3739"},"modified":"2026-02-10T12:35:12","modified_gmt":"2026-02-10T12:35:12","slug":"specjalista-ds-wnioskow-o-dotacje","status":"publish","type":"page","link":"https:\/\/skutecznywniosek.pl\/new\/specjalista-ds-wnioskow-o-dotacje\/","title":{"rendered":"Og\u0142oszenie &#8211; Specjalista ds. wniosk\u00f3w o dotacje"},"content":{"rendered":"\t\t<div data-elementor-type=\"wp-page\" data-elementor-id=\"3739\" class=\"elementor elementor-3739\">\n\t\t\t\t\t\t<section class=\"elementor-section elementor-top-section elementor-element elementor-element-c689549 elementor-section-boxed elementor-section-height-default elementor-section-height-default\" data-id=\"c689549\" data-element_type=\"section\">\n\t\t\t\t\t\t<div class=\"elementor-container elementor-column-gap-default\">\n\t\t\t\t\t<div class=\"elementor-column elementor-col-50 elementor-top-column elementor-element elementor-element-25f9090\" data-id=\"25f9090\" data-element_type=\"column\">\n\t\t\t<div class=\"elementor-widget-wrap elementor-element-populated\">\n\t\t\t\t\t\t<div class=\"elementor-element elementor-element-6e23431 elementor-widget elementor-widget-heading\" data-id=\"6e23431\" data-element_type=\"widget\" data-widget_type=\"heading.default\">\n\t\t\t\t\t<h2 class=\"elementor-heading-title elementor-size-default\">Specjalista ds. wniosk\u00f3w o dotacje<\/h2>\t\t\t\t<\/div>\n\t\t\t\t<div class=\"elementor-element elementor-element-df3eced elementor-widget elementor-widget-text-editor\" data-id=\"df3eced\" data-element_type=\"widget\" data-widget_type=\"text-editor.default\">\n\t\t\t\t\t\t\t\t\t<h5><strong>O nas<\/strong><\/h5><p>\u00a0<\/p><p>Jeste\u015bmy firm\u0105 specjalizuj\u0105c\u0105 si\u0119 w kompleksowym wsparciu os\u00f3b planuj\u0105cych rozpocz\u0119cie dzia\u0142alno\u015bci gospodarczej w pozyskaniu dotacji z Urz\u0119d\u00f3w Pracy. Od kilku lat skutecznie pomagamy klientom przej\u015b\u0107 przez ca\u0142y proces formalny \u2013 od analizy pomys\u0142u, przez przygotowanie biznesplanu, a\u017c po z\u0142o\u017cenie kompletnego wniosku. Stawiamy na jako\u015b\u0107, rzetelno\u015b\u0107 i jasn\u0105 komunikacj\u0119.<\/p>\t\t\t\t\t\t\t\t<\/div>\n\t\t\t\t<div class=\"elementor-element elementor-element-5087cac elementor-widget elementor-widget-text-editor\" data-id=\"5087cac\" data-element_type=\"widget\" data-widget_type=\"text-editor.default\">\n\t\t\t\t\t\t\t\t\t<h5>Zakres obowi\u0105zk\u00f3w<\/h5><ul><li>przygotowywanie wniosk\u00f3w o dotacje z PUP,<\/li><li>opracowywanie cz\u0119\u015bci opisowej i merytorycznej dokument\u00f3w,<\/li><li>wsp\u00f3\u0142praca z klientami przy zbieraniu niezb\u0119dnych informacji,<\/li><li>konsultowanie zapis\u00f3w wniosku z zespo\u0142em analitycznym i finansowym,<\/li><li>dbanie o zgodno\u015b\u0107 dokumentacji z aktualnymi wytycznymi urz\u0119d\u00f3w pracy.<\/li><\/ul><h5>\u00a0<\/h5><h5>Wymagania<\/h5><ul><li>umiej\u0119tno\u015b\u0107 pracy z dokumentami i dba\u0142o\u015b\u0107 o szczeg\u00f3\u0142y,<\/li><li>dobra organizacja pracy w\u0142asnej i terminowo\u015b\u0107,<\/li><li>komunikatywno\u015b\u0107 i umiej\u0119tno\u015b\u0107 jasnego t\u0142umaczenia zagadnie\u0144 formalnych,<\/li><li>mile widziane do\u015bwiadczenie w administracji, ksi\u0119gowo\u015bci lub dotacjach,<\/li><li>znajomo\u015b\u0107 program\u00f3w biurowych (Word, Excel).<\/li><\/ul><h5>\u00a0<\/h5><h5>Oferujemy<\/h5><ul><li>wsp\u00f3\u0142prac\u0119 przy realnych projektach zako\u0144czonych przyznaniem dotacji,<\/li><li>wsparcie zespo\u0142u i wdro\u017cenie w procesy,<\/li><li>zdaln\u0105 form\u0119 wsp\u00f3\u0142pracy,<\/li><li>stabiln\u0105 wsp\u00f3\u0142prac\u0119 d\u0142ugoterminow\u0105,<\/li><li>mo\u017cliwo\u015b\u0107 rozwoju w obszarze dotacji i dokumentacji biznesowej.<\/li><\/ul>\t\t\t\t\t\t\t\t<\/div>\n\t\t\t\t<div class=\"elementor-element elementor-element-a9e2441 elementor-widget elementor-widget-text-editor\" data-id=\"a9e2441\" data-element_type=\"widget\" data-widget_type=\"text-editor.default\">\n\t\t\t\t\t\t\t\t\t<h5>Informacje dodatkowe:<\/h5><p><strong>Lokalizacja:<\/strong> zdalnie <br \/><strong>Poziom:<\/strong> specjalista \/ junior<br \/><strong>Forma wsp\u00f3\u0142pracy:<\/strong> B2B \/ zlecenie<br \/><strong>Wynagrodzenie:<\/strong> do ustalenia<br \/><strong>Termin aplikacji:<\/strong> otwarty<\/p>\t\t\t\t\t\t\t\t<\/div>\n\t\t\t\t\t<\/div>\n\t\t<\/div>\n\t\t\t\t<div class=\"elementor-column elementor-col-50 elementor-top-column elementor-element elementor-element-1ddd1e6\" data-id=\"1ddd1e6\" data-element_type=\"column\">\n\t\t\t<div class=\"elementor-widget-wrap elementor-element-populated\">\n\t\t\t\t\t\t<section class=\"elementor-section elementor-inner-section elementor-element elementor-element-ce610fd elementor-section-boxed elementor-section-height-default elementor-section-height-default\" data-id=\"ce610fd\" data-element_type=\"section\">\n\t\t\t\t\t\t<div class=\"elementor-container elementor-column-gap-default\">\n\t\t\t\t\t<div class=\"elementor-column elementor-col-100 elementor-inner-column elementor-element elementor-element-60a192c\" data-id=\"60a192c\" data-element_type=\"column\">\n\t\t\t<div class=\"elementor-widget-wrap elementor-element-populated\">\n\t\t\t\t\t\t<div class=\"elementor-element elementor-element-d5b5de6 elementor-position-inline-start elementor-view-default elementor-mobile-position-block-start elementor-widget elementor-widget-icon-box\" data-id=\"d5b5de6\" data-element_type=\"widget\" data-widget_type=\"icon-box.default\">\n\t\t\t\t\t\t\t<div class=\"elementor-icon-box-wrapper\">\n\n\t\t\t\t\t\t<div class=\"elementor-icon-box-icon\">\n\t\t\t\t<span  class=\"elementor-icon\">\n\t\t\t\t<i aria-hidden=\"true\" class=\"flaticon flaticon-calendar\"><\/i>\t\t\t\t<\/span>\n\t\t\t<\/div>\n\t\t\t\n\t\t\t\t\t\t<div class=\"elementor-icon-box-content\">\n\n\t\t\t\t\t\t\t\t\t<h5 class=\"elementor-icon-box-title\">\n\t\t\t\t\t\t<span  >\n\t\t\t\t\t\t\tStart \t\t\t\t\t\t<\/span>\n\t\t\t\t\t<\/h5>\n\t\t\t\t\n\t\t\t\t\t\t\t\t\t<p class=\"elementor-icon-box-description\">\n\t\t\t\t\t\t1 luty 2026\t\t\t\t\t<\/p>\n\t\t\t\t\n\t\t\t<\/div>\n\t\t\t\n\t\t<\/div>\n\t\t\t\t\t\t<\/div>\n\t\t\t\t<div class=\"elementor-element elementor-element-2798918 elementor-position-inline-start elementor-view-default elementor-mobile-position-block-start elementor-widget elementor-widget-icon-box\" data-id=\"2798918\" data-element_type=\"widget\" data-widget_type=\"icon-box.default\">\n\t\t\t\t\t\t\t<div class=\"elementor-icon-box-wrapper\">\n\n\t\t\t\t\t\t<div class=\"elementor-icon-box-icon\">\n\t\t\t\t<span  class=\"elementor-icon\">\n\t\t\t\t<i aria-hidden=\"true\" class=\"flaticon flaticon-repeat\"><\/i>\t\t\t\t<\/span>\n\t\t\t<\/div>\n\t\t\t\n\t\t\t\t\t\t<div class=\"elementor-icon-box-content\">\n\n\t\t\t\t\t\t\t\t\t<h5 class=\"elementor-icon-box-title\">\n\t\t\t\t\t\t<span  >\n\t\t\t\t\t\t\tZako\u0144czenie\t\t\t\t\t\t<\/span>\n\t\t\t\t\t<\/h5>\n\t\t\t\t\n\t\t\t\t\t\t\t\t\t<p class=\"elementor-icon-box-description\">\n\t\t\t\t\t\tMarzec 2026\t\t\t\t\t<\/p>\n\t\t\t\t\n\t\t\t<\/div>\n\t\t\t\n\t\t<\/div>\n\t\t\t\t\t\t<\/div>\n\t\t\t\t<div class=\"elementor-element elementor-element-63a3c20 elementor-position-inline-start elementor-view-default elementor-mobile-position-block-start elementor-widget elementor-widget-icon-box\" data-id=\"63a3c20\" data-element_type=\"widget\" data-widget_type=\"icon-box.default\">\n\t\t\t\t\t\t\t<div class=\"elementor-icon-box-wrapper\">\n\n\t\t\t\t\t\t<div class=\"elementor-icon-box-icon\">\n\t\t\t\t<span  class=\"elementor-icon\">\n\t\t\t\t<i aria-hidden=\"true\" class=\"flaticon flaticon-placeholder\"><\/i>\t\t\t\t<\/span>\n\t\t\t<\/div>\n\t\t\t\n\t\t\t\t\t\t<div class=\"elementor-icon-box-content\">\n\n\t\t\t\t\t\t\t\t\t<h5 class=\"elementor-icon-box-title\">\n\t\t\t\t\t\t<span  >\n\t\t\t\t\t\t\tLokalizacja\t\t\t\t\t\t<\/span>\n\t\t\t\t\t<\/h5>\n\t\t\t\t\n\t\t\t\t\t\t\t\t\t<p class=\"elementor-icon-box-description\">\n\t\t\t\t\t\tZdalna praca\t\t\t\t\t<\/p>\n\t\t\t\t\n\t\t\t<\/div>\n\t\t\t\n\t\t<\/div>\n\t\t\t\t\t\t<\/div>\n\t\t\t\t<div class=\"elementor-element elementor-element-5afe8b5 elementor-mobile-align-center elementor-widget elementor-widget-button\" data-id=\"5afe8b5\" data-element_type=\"widget\" data-widget_type=\"button.default\">\n\t\t\t\t\t\t\t\t\t\t<a class=\"elementor-button elementor-button-link elementor-size-sm\" href=\"https:\/\/skutecznywniosek.pl\/new\/index.php\/kontakt\/\">\n\t\t\t\t\t\t<span class=\"elementor-button-content-wrapper\">\n\t\t\t\t\t\t\t\t\t<span class=\"elementor-button-text\">Aplikuj teraz<\/span>\n\t\t\t\t\t<\/span>\n\t\t\t\t\t<\/a>\n\t\t\t\t\t\t\t\t<\/div>\n\t\t\t\t\t<\/div>\n\t\t<\/div>\n\t\t\t\t\t<\/div>\n\t\t<\/section>\n\t\t\t\t\t<\/div>\n\t\t<\/div>\n\t\t\t\t\t<\/div>\n\t\t<\/section>\n\t\t\t\t<\/div>\n\t\t","protected":false},"excerpt":{"rendered":"<p>Specjalista ds. wniosk\u00f3w o dotacje O nas \u00a0 Jeste\u015bmy firm\u0105 specjalizuj\u0105c\u0105 si\u0119 w kompleksowym wsparciu os\u00f3b planuj\u0105cych rozpocz\u0119cie dzia\u0142alno\u015bci gospodarczej w pozyskaniu dotacji z Urz\u0119d\u00f3w Pracy. Od kilku lat skutecznie pomagamy klientom przej\u015b\u0107 przez ca\u0142y proces formalny \u2013 od analizy pomys\u0142u, przez przygotowanie biznesplanu, a\u017c po z\u0142o\u017cenie kompletnego wniosku. Stawiamy na jako\u015b\u0107, rzetelno\u015b\u0107 i jasn\u0105 [&hellip;]<\/p>\n","protected":false},"author":1,"featured_media":0,"parent":0,"menu_order":0,"comment_status":"closed","ping_status":"closed","template":"page-templates\/template-default.php","meta":{"footnotes":""},"class_list":["post-3739","page","type-page","status-publish","hentry"],"_links":{"self":[{"href":"https:\/\/skutecznywniosek.pl\/new\/wp-json\/wp\/v2\/pages\/3739","targetHints":{"allow":["GET"]}}],"collection":[{"href":"https:\/\/skutecznywniosek.pl\/new\/wp-json\/wp\/v2\/pages"}],"about":[{"href":"https:\/\/skutecznywniosek.pl\/new\/wp-json\/wp\/v2\/types\/page"}],"author":[{"embeddable":true,"href":"https:\/\/skutecznywniosek.pl\/new\/wp-json\/wp\/v2\/users\/1"}],"replies":[{"embeddable":true,"href":"https:\/\/skutecznywniosek.pl\/new\/wp-json\/wp\/v2\/comments?post=3739"}],"version-history":[{"count":11,"href":"https:\/\/skutecznywniosek.pl\/new\/wp-json\/wp\/v2\/pages\/3739\/revisions"}],"predecessor-version":[{"id":4938,"href":"https:\/\/skutecznywniosek.pl\/new\/wp-json\/wp\/v2\/pages\/3739\/revisions\/4938"}],"wp:attachment":[{"href":"https:\/\/skutecznywniosek.pl\/new\/wp-json\/wp\/v2\/media?parent=3739"}],"curies":[{"name":"wp","href":"https:\/\/api.w.org\/{rel}","templated":true}]}}