{"id":2748,"date":"2021-12-12T14:56:30","date_gmt":"2021-12-12T14:56:30","guid":{"rendered":"http:\/\/localhost\/busino\/?page_id=2748"},"modified":"2026-01-27T12:55:17","modified_gmt":"2026-01-27T12:55:17","slug":"faq","status":"publish","type":"page","link":"https:\/\/skutecznywniosek.pl\/new\/faq\/","title":{"rendered":"FAQ"},"content":{"rendered":"\t\t<div data-elementor-type=\"wp-page\" data-elementor-id=\"2748\" class=\"elementor elementor-2748\">\n\t\t\t\t\t\t<section class=\"elementor-section elementor-top-section elementor-element elementor-element-f8c4f8a elementor-section-boxed elementor-section-height-default elementor-section-height-default\" data-id=\"f8c4f8a\" data-element_type=\"section\">\n\t\t\t\t\t\t<div class=\"elementor-container elementor-column-gap-default\">\n\t\t\t\t\t<div class=\"elementor-column elementor-col-100 elementor-top-column elementor-element elementor-element-b57490a\" data-id=\"b57490a\" data-element_type=\"column\">\n\t\t\t<div class=\"elementor-widget-wrap elementor-element-populated\">\n\t\t\t\t\t\t<div class=\"elementor-element elementor-element-66c4a2d elementor-widget elementor-widget-sectiontitle\" data-id=\"66c4a2d\" data-element_type=\"widget\" data-widget_type=\"sectiontitle.default\">\n\t\t\t\t<div class=\"elementor-widget-container\">\n\t\t\t\t\t\r\n\t\t\t\t<div class=\"\">\r\n\r\n\t\t\t<div class=\"section-title t_center\">\r\n                 \r\n                        <h5>F . A . Q<\/h5>\r\n                \t\t\t\t\r\n\t\t\t\t \t\t\t\t\r\n\t\t\t\t  \r\n                       <h2>Najpopularniejsze pytania <span><\/span><\/h2>\r\n                \t\t\t\t\r\n                 \r\n                        <p>Zapoznaj si\u0119 z poni\u017cszymi tre\u015bciami, a je\u015bli czego\u015b brakuje to \u015bmia\u0142o napisz do nas lub zadzwo\u0144 i zapytaj.<\/p>\r\n                \t\t\t\t\r\n\r\n\t\t\t\t\r\n\t\t\t<\/div>\t\r\n\r\n\t\t<\/div>\r\n\r\n\t\t\r\n\t\t\t\t\t\t<\/div>\n\t\t\t\t<\/div>\n\t\t\t\t<section class=\"elementor-section elementor-inner-section elementor-element elementor-element-6da7d56 elementor-section-boxed elementor-section-height-default elementor-section-height-default\" data-id=\"6da7d56\" data-element_type=\"section\">\n\t\t\t\t\t\t<div class=\"elementor-container elementor-column-gap-default\">\n\t\t\t\t\t<div class=\"elementor-column elementor-col-50 elementor-inner-column elementor-element elementor-element-2de0a24\" data-id=\"2de0a24\" data-element_type=\"column\">\n\t\t\t<div class=\"elementor-widget-wrap elementor-element-populated\">\n\t\t\t\t\t\t<div class=\"elementor-element elementor-element-35a3581 elementor-widget elementor-widget-ditaccordion\" data-id=\"35a3581\" data-element_type=\"widget\" data-widget_type=\"ditaccordion.default\">\n\t\t\t\t<div class=\"elementor-widget-container\">\n\t\t\t\t\t\r\n\t\t\r\n\r\n\r\n\r\n\r\n\t\t<ul class=\"my-accordion\">\r\n\r\n\t\t\t\t\t\t<li>\r\n\t\t\t\t<a>1. Ile trwa przygotowanie wniosku?<\/a>\r\n\t\t\t\t<p>Ka\u017cdy przypadek jest inny, dlatego dzia\u0142amy mo\u017cliwie szybko, ale bez kompromis\u00f3w jako\u015bciowych. Standardowo przygotowanie kompletnego wniosku zajmuje oko\u0142o 5 dni roboczych od momentu otrzymania wszystkich informacji. W pilnych sytuacjach mo\u017cliwy jest tryb ekspresowy, ustalany indywidualnie.<\/p>\r\n\t\t\t<\/li>\r\n\t\t\t\t\t\t<li>\r\n\t\t\t\t<a>2. Co musz\u0119 Wam wys\u0142a\u0107 na pocz\u0105tku?<\/a>\r\n\t\t\t\t<p>Na start wystarczy wiadomo\u015b\u0107 przez formularz kontaktowy. Po pierwszym kontakcie przeprowadzimy Ci\u0119 przez ca\u0142y proces krok po kroku i poinformujemy dok\u0142adnie, jakie informacje b\u0119d\u0105 potrzebne.<\/p>\r\n\t\t\t<\/li>\r\n\t\t\t\t\t\t<li>\r\n\t\t\t\t<a>3. Ile kosztuje napisanie wniosku?<\/a>\r\n\t\t\t\t<p>Koszt ustalany jest indywidualnie, poniewa\u017c zale\u017cy m.in. od urz\u0119du pracy, rodzaju planowanej dzia\u0142alno\u015bci oraz Twojego do\u015bwiadczenia zawodowego. Po kr\u00f3tkiej analizie otrzymasz bezp\u0142atn\u0105 i niezobowi\u0105zuj\u0105c\u0105 wycen\u0119.\n<\/p>\r\n\t\t\t<\/li>\r\n\t\t\t\t\t\t<li>\r\n\t\t\t\t<a>4. Jak wygl\u0105da wsp\u00f3\u0142praca krok po kroku?<\/a>\r\n\t\t\t\t<p>Zaczynamy od analizy szans i wyceny. Nast\u0119pnie podpisujemy umow\u0119, zbieramy informacje, przygotowujemy wniosek i komplet za\u0142\u0105cznik\u00f3w. Przez ca\u0142y czas jeste\u015bmy w kontakcie i informujemy Ci\u0119 o post\u0119pach.<\/p>\r\n\t\t\t<\/li>\r\n\t\t\t\r\n\t\t<\/ul>\r\n\r\n\r\n    \t\t<script>\r\n    \t\t\tjQuery(document).ready(function($) {\r\n    \t\t\t\t\"use strict\";\r\n\r\n\t    $('.my-accordion > li:eq(0) a').addClass('active').next().slideDown();\r\n\r\n\t    $('.my-accordion a').click(function() {\r\n\t        var dropDown = $(this).closest('li').find('p');\r\n\r\n\t        $(this).closest('.my-accordion').find('p').not(dropDown).slideUp();\r\n\r\n\t        if ($(this).hasClass('active')) {\r\n\t            $(this).removeClass('active');\r\n\t        } else {\r\n\t            $(this).closest('.my-accordion').find('a.active').removeClass('active');\r\n\t            $(this).addClass('active');\r\n\t        }\r\n\r\n\t        dropDown.stop(false, true).slideToggle();\r\n\r\n\t        j.preventDefault();\r\n\t    });\r\n\r\n\r\n            \t\t});\r\n            \t<\/script>\t\r\n\r\n\r\n\r\n\t\t\t\t\t\t<\/div>\n\t\t\t\t<\/div>\n\t\t\t\t\t<\/div>\n\t\t<\/div>\n\t\t\t\t<div class=\"elementor-column elementor-col-50 elementor-inner-column elementor-element elementor-element-3ce9bcf\" data-id=\"3ce9bcf\" data-element_type=\"column\">\n\t\t\t<div class=\"elementor-widget-wrap elementor-element-populated\">\n\t\t\t\t\t\t<div class=\"elementor-element elementor-element-ca4de38 elementor-widget elementor-widget-ditaccordion\" data-id=\"ca4de38\" data-element_type=\"widget\" data-widget_type=\"ditaccordion.default\">\n\t\t\t\t<div class=\"elementor-widget-container\">\n\t\t\t\t\t\r\n\t\t\r\n\r\n\r\n\r\n\r\n\t\t<ul class=\"my-accordion\">\r\n\r\n\t\t\t\t\t\t<li>\r\n\t\t\t\t<a>5. Kiedy sk\u0142ada si\u0119 wnioski o dotacj\u0119?<\/a>\r\n\t\t\t\t<p>Terminy nabor\u00f3w ustalane s\u0105 przez poszczeg\u00f3lne urz\u0119dy pracy. Na bie\u017c\u0105co monitorujemy nabory i informujemy klient\u00f3w, kiedy z\u0142o\u017cy\u0107 wniosek w danym urz\u0119dzie.<\/p>\r\n\t\t\t<\/li>\r\n\t\t\t\t\t\t<li>\r\n\t\t\t\t<a>6. Czy ka\u017cdy urz\u0105d pracy ma takie same wymagania?<\/a>\r\n\t\t\t\t<p>Nie. Ka\u017cdy urz\u0105d posiada w\u0142asne formularze, kryteria i spos\u00f3b oceny wniosk\u00f3w. Dlatego dostosowujemy dokumenty indywidualnie do konkretnego urz\u0119du.<\/p>\r\n\t\t\t<\/li>\r\n\t\t\t\t\t\t<li>\r\n\t\t\t\t<a>7. Czy pomagacie tak\u017ce z poprawkami lub korekt\u0105 wniosku?<\/a>\r\n\t\t\t\t<p>Tak. Oferujemy r\u00f3wnie\u017c korekt\u0119 ca\u0142o\u015bci lub cz\u0119\u015bci wniosku, w tym cz\u0119\u015bci merytorycznej, finansowej oraz za\u0142\u0105cznik\u00f3w.<\/p>\r\n\t\t\t<\/li>\r\n\t\t\t\t\t\t<li>\r\n\t\t\t\t<a>8. Czy mam gwarancj\u0119 otrzymania dotacji?<\/a>\r\n\t\t\t\t<p>Nie ma mo\u017cliwo\u015bci zagwarantowania decyzji urz\u0119du, jednak naszym celem jest maksymalne zwi\u0119kszenie szans poprzez poprawno\u015b\u0107 formaln\u0105, logiczne uzasadnienia i realne za\u0142o\u017cenia biznesowe.<\/p>\r\n\t\t\t<\/li>\r\n\t\t\t\r\n\t\t<\/ul>\r\n\r\n\r\n    \t\t<script>\r\n    \t\t\tjQuery(document).ready(function($) {\r\n    \t\t\t\t\"use strict\";\r\n\r\n\t    $('.my-accordion > li:eq(0) a').addClass('active').next().slideDown();\r\n\r\n\t    $('.my-accordion a').click(function() {\r\n\t        var dropDown = $(this).closest('li').find('p');\r\n\r\n\t        $(this).closest('.my-accordion').find('p').not(dropDown).slideUp();\r\n\r\n\t        if ($(this).hasClass('active')) {\r\n\t            $(this).removeClass('active');\r\n\t        } else {\r\n\t            $(this).closest('.my-accordion').find('a.active').removeClass('active');\r\n\t            $(this).addClass('active');\r\n\t        }\r\n\r\n\t        dropDown.stop(false, true).slideToggle();\r\n\r\n\t        j.preventDefault();\r\n\t    });\r\n\r\n\r\n            \t\t});\r\n            \t<\/script>\t\r\n\r\n\r\n\r\n\t\t\t\t\t\t<\/div>\n\t\t\t\t<\/div>\n\t\t\t\t\t<\/div>\n\t\t<\/div>\n\t\t\t\t\t<\/div>\n\t\t<\/section>\n\t\t\t\t\t<\/div>\n\t\t<\/div>\n\t\t\t\t\t<\/div>\n\t\t<\/section>\n\t\t\t\t<\/div>\n\t\t","protected":false},"excerpt":{"rendered":"<p>F . A . Q Najpopularniejsze pytania Zapoznaj si\u0119 z poni\u017cszymi tre\u015bciami, a je\u015bli czego\u015b brakuje to \u015bmia\u0142o napisz do nas lub zadzwo\u0144 i zapytaj. 1. Ile trwa przygotowanie wniosku? Ka\u017cdy przypadek jest inny, dlatego dzia\u0142amy mo\u017cliwie szybko, ale bez kompromis\u00f3w jako\u015bciowych. Standardowo przygotowanie kompletnego wniosku zajmuje oko\u0142o 5 dni roboczych od momentu otrzymania wszystkich [&hellip;]<\/p>\n","protected":false},"author":1,"featured_media":0,"parent":0,"menu_order":0,"comment_status":"closed","ping_status":"closed","template":"page-templates\/template-default.php","meta":{"footnotes":""},"class_list":["post-2748","page","type-page","status-publish","hentry"],"_links":{"self":[{"href":"https:\/\/skutecznywniosek.pl\/new\/wp-json\/wp\/v2\/pages\/2748","targetHints":{"allow":["GET"]}}],"collection":[{"href":"https:\/\/skutecznywniosek.pl\/new\/wp-json\/wp\/v2\/pages"}],"about":[{"href":"https:\/\/skutecznywniosek.pl\/new\/wp-json\/wp\/v2\/types\/page"}],"author":[{"embeddable":true,"href":"https:\/\/skutecznywniosek.pl\/new\/wp-json\/wp\/v2\/users\/1"}],"replies":[{"embeddable":true,"href":"https:\/\/skutecznywniosek.pl\/new\/wp-json\/wp\/v2\/comments?post=2748"}],"version-history":[{"count":7,"href":"https:\/\/skutecznywniosek.pl\/new\/wp-json\/wp\/v2\/pages\/2748\/revisions"}],"predecessor-version":[{"id":4582,"href":"https:\/\/skutecznywniosek.pl\/new\/wp-json\/wp\/v2\/pages\/2748\/revisions\/4582"}],"wp:attachment":[{"href":"https:\/\/skutecznywniosek.pl\/new\/wp-json\/wp\/v2\/media?parent=2748"}],"curies":[{"name":"wp","href":"https:\/\/api.w.org\/{rel}","templated":true}]}}